{"id":277,"date":"2023-12-22T21:37:56","date_gmt":"2023-12-22T20:37:56","guid":{"rendered":"http:\/\/www.kondolia.org\/?page_id=277"},"modified":"2024-01-02T16:46:22","modified_gmt":"2024-01-02T15:46:22","slug":"spenden","status":"publish","type":"page","link":"http:\/\/www.kondolia.de\/?page_id=277","title":{"rendered":"Spenden"},"content":{"rendered":"\n<div class=\"wp-block-group has-white-background-color has-background is-layout-constrained wp-block-group-is-layout-constrained\"><div class=\"wp-block-group__inner-container\">\n<div class=\"wp-block-columns is-layout-flex wp-container-core-columns-layout-1 wp-block-columns-is-layout-flex\">\n<div class=\"wp-block-column is-layout-flow wp-block-column-is-layout-flow\" style=\"flex-basis:50%\">\n<p>Sie m\u00f6chten einen Beitrag zum Erfolg des Krankenhaus Projekts in Kondolia leisten? Nur allzu gerne. Ein Ziel unseres F\u00f6rdervereins ist mit Hilfe zur Selbsthilfe eine nachhaltige Verbesserung der gesundheitlichen Situation der Menschen in einer Gegend Indiens zu bewirken, die nach westlichen Ma\u00dfst\u00e4ben und denen eines aufstrebenden Subkontinents noch immer als unterentwickelt anzusehen ist. <\/p>\n<\/div>\n\n\n\n<div class=\"wp-block-column is-vertically-aligned-center is-layout-flow wp-block-column-is-layout-flow\" style=\"flex-basis:50%\">\n<figure class=\"wp-block-image size-large is-resized\"><img fetchpriority=\"high\" decoding=\"async\" width=\"1024\" height=\"768\" src=\"http:\/\/www.kondolia.org\/wp-content\/uploads\/2023\/12\/BILD0290-1024x768.jpg\" alt=\"\" class=\"wp-image-278\" style=\"aspect-ratio:1.3333333333333333;width:393px;height:auto\" srcset=\"http:\/\/www.kondolia.de\/wp-content\/uploads\/2023\/12\/BILD0290-1024x768.jpg 1024w, http:\/\/www.kondolia.de\/wp-content\/uploads\/2023\/12\/BILD0290-300x225.jpg 300w, http:\/\/www.kondolia.de\/wp-content\/uploads\/2023\/12\/BILD0290-768x576.jpg 768w, http:\/\/www.kondolia.de\/wp-content\/uploads\/2023\/12\/BILD0290-1536x1152.jpg 1536w, http:\/\/www.kondolia.de\/wp-content\/uploads\/2023\/12\/BILD0290-2048x1536.jpg 2048w\" sizes=\"(max-width: 1024px) 100vw, 1024px\" \/><\/figure>\n<\/div>\n<\/div>\n\n\n\n<p>Wir sind auf einem guten Weg. Aber die Erfahrung hat gezeigt, dass das Krankenhaus Kondolia noch nicht in der Lage ist, auf eigenen Beinen zu stehen. Es treten immer mal wieder Perioden auf, in denen zugesagte staatliche F\u00f6rdermittel ausbleiben, Gesundheitsprogramme eingestellt werden, oder die Zulassung zu diesen durch die M\u00fchlen der B\u00fcrokratie ausgebremst werden. In solchen Zeiten ist das Krankenhaus Kondolia besonders auf die Hilfe unseres F\u00f6rdervereins angewiesen, um entstehende Finanzierungsl\u00fccken zu decken. <\/p>\n\n\n\n<p>Wir garantieren Ihnen, dass Ihre Spende da ankommt wof\u00fcr sie gedacht war: N\u00e4mlich bei den Bed\u00fcrftigen vor Ort. Die gezielte F\u00f6rderung nur eines Hilfsprojekts in einem eng abgestecktem Rahmen hat den Vorteil, dass der Krankenhaus Kondolia F\u00f6rderverein keinen Verwaltungsapparat ben\u00f6tigt. Alle T\u00e4tigkeiten rund um die Organisation des Vereins werden ehrenamtlich von den Vorstandsmitgliedern erledigt.<\/p>\n\n\n\n<p>Wenn Sie spenden m\u00f6chten, t\u00e4tigen Sie am besten eine \u00dcberweisung.<\/p>\n\n\n\n<h2 class=\"wp-block-heading\">Unsere Bankverbindung lautet:<\/h2>\n\n\n\n<p>Kontoinhaber: Krankenhaus Kondolia F\u00f6rderverein e.V.<\/p>\n\n\n\n<p>Kreditinstitut: Commerzbank Euskirchen<\/p>\n\n\n\n<p>IBAN:&nbsp;DE13 3804 0007 0322 2122 00<\/p>\n\n\n\n<p>BIC:&nbsp;COBADEFFXXX<\/p>\n\n\n\n<p class=\"has-small-font-size\">Wir sind wegen F\u00f6rderung des \u00f6ffentlichen Gesundheitswesens und der \u00f6ffentlichen Gesundheitspflege nach dem Freistellungsbescheid bzw. nach der Anlage zum K\u00f6rperschaftsteuerbescheid des Finanzamtes Euskirchen StNr. 209\/5726\/0446 vom 20.03.2019 f\u00fcr den letzten Veranlagungszeitraum 2015 bis 2017 nach \u00a7 5 Abs. 1 Nr. 9 des K\u00f6rperschaftsteuergesetzes von der K\u00f6rperschaftssteuer und nach \u00a7 3 Nr. 6 des Gewerbesteuergesetzes von der Gewerbesteuer befreit.<\/p>\n\n\n\n<p class=\"has-small-font-size\">Die Einhaltung der satzungsm\u00e4\u00dfigen Voraussetzungen nach den \u00a7\u00a7 51, 59, 60 und 61 AO wurde vom Finanzamt Euskirchen StNr. 209\/5726\/0446 mit Bescheid vom 18.01.2016 nach \u00a7 60a AO gesondert festgestellt. Wir f\u00f6rdern nach unserer Satzung das \u00f6ffentliche Gesundheitswesen und die \u00f6ffentliche Gesundheitspflege.<\/p>\n<\/div><\/div>\n","protected":false},"excerpt":{"rendered":"<p>Sie m\u00f6chten einen Beitrag zum Erfolg des Krankenhaus Projekts in Kondolia leisten? Nur allzu gerne. Ein Ziel unseres F\u00f6rdervereins ist mit Hilfe zur Selbsthilfe eine nachhaltige Verbesserung der gesundheitlichen Situation der Menschen in einer Gegend Indiens zu bewirken, die nach westlichen Ma\u00dfst\u00e4ben und denen eines aufstrebenden Subkontinents noch immer als unterentwickelt anzusehen ist. Wir sind auf einem guten Weg. Aber [&hellip;]<\/p>\n","protected":false},"author":1,"featured_media":634,"parent":0,"menu_order":0,"comment_status":"closed","ping_status":"closed","template":"","meta":{"_uag_custom_page_level_css":"","footnotes":""},"uagb_featured_image_src":{"full":["http:\/\/www.kondolia.de\/wp-content\/uploads\/2024\/01\/BILD0296-scaled.jpg",2560,1920,false],"thumbnail":["http:\/\/www.kondolia.de\/wp-content\/uploads\/2024\/01\/BILD0296-150x150.jpg",150,150,true],"medium":["http:\/\/www.kondolia.de\/wp-content\/uploads\/2024\/01\/BILD0296-300x225.jpg",300,225,true],"medium_large":["http:\/\/www.kondolia.de\/wp-content\/uploads\/2024\/01\/BILD0296-768x576.jpg",640,480,true],"large":["http:\/\/www.kondolia.de\/wp-content\/uploads\/2024\/01\/BILD0296-1024x768.jpg",640,480,true],"elegant_blocks_team_1":["http:\/\/www.kondolia.de\/wp-content\/uploads\/2024\/01\/BILD0296-500x500.jpg",500,500,true],"elegant_blocks_blog_1":["http:\/\/www.kondolia.de\/wp-content\/uploads\/2024\/01\/BILD0296-693x462.jpg",693,462,true],"elegant_blocks_slider_1":["http:\/\/www.kondolia.de\/wp-content\/uploads\/2024\/01\/BILD0296-1600x1000.jpg",1600,1000,true],"1536x1536":["http:\/\/www.kondolia.de\/wp-content\/uploads\/2024\/01\/BILD0296-1536x1152.jpg",1536,1152,true],"2048x2048":["http:\/\/www.kondolia.de\/wp-content\/uploads\/2024\/01\/BILD0296-2048x1536.jpg",2048,1536,true],"bizberg_medium":["http:\/\/www.kondolia.de\/wp-content\/uploads\/2024\/01\/BILD0296-300x300.jpg",300,300,true],"bizberg_gallery":["http:\/\/www.kondolia.de\/wp-content\/uploads\/2024\/01\/BILD0296-500x400.jpg",500,400,true],"bizberg_blog_list":["http:\/\/www.kondolia.de\/wp-content\/uploads\/2024\/01\/BILD0296-368x240.jpg",368,240,true],"bizberg_detail_image":["http:\/\/www.kondolia.de\/wp-content\/uploads\/2024\/01\/BILD0296-825x400.jpg",825,400,true],"bizberg_detail_image_no_sidebar":["http:\/\/www.kondolia.de\/wp-content\/uploads\/2024\/01\/BILD0296-920x400.jpg",920,400,true],"bizberg_portfolio_homepage":["http:\/\/www.kondolia.de\/wp-content\/uploads\/2024\/01\/BILD0296-600x400.jpg",600,400,true],"bizberg_blog_list_no_sidebar_1":["http:\/\/www.kondolia.de\/wp-content\/uploads\/2024\/01\/BILD0296-220x190.jpg",220,190,true]},"uagb_author_info":{"display_name":"admin","author_link":"http:\/\/www.kondolia.de\/?author=1"},"uagb_comment_info":0,"uagb_excerpt":"Sie m\u00f6chten einen Beitrag zum Erfolg des Krankenhaus Projekts in Kondolia leisten? Nur allzu gerne. Ein Ziel unseres F\u00f6rdervereins ist mit Hilfe zur Selbsthilfe eine nachhaltige Verbesserung der gesundheitlichen Situation der Menschen in einer Gegend Indiens zu bewirken, die nach westlichen Ma\u00dfst\u00e4ben und denen eines aufstrebenden Subkontinents noch immer als unterentwickelt anzusehen ist. Wir sind&hellip;","_links":{"self":[{"href":"http:\/\/www.kondolia.de\/index.php?rest_route=\/wp\/v2\/pages\/277"}],"collection":[{"href":"http:\/\/www.kondolia.de\/index.php?rest_route=\/wp\/v2\/pages"}],"about":[{"href":"http:\/\/www.kondolia.de\/index.php?rest_route=\/wp\/v2\/types\/page"}],"author":[{"embeddable":true,"href":"http:\/\/www.kondolia.de\/index.php?rest_route=\/wp\/v2\/users\/1"}],"replies":[{"embeddable":true,"href":"http:\/\/www.kondolia.de\/index.php?rest_route=%2Fwp%2Fv2%2Fcomments&post=277"}],"version-history":[{"count":7,"href":"http:\/\/www.kondolia.de\/index.php?rest_route=\/wp\/v2\/pages\/277\/revisions"}],"predecessor-version":[{"id":599,"href":"http:\/\/www.kondolia.de\/index.php?rest_route=\/wp\/v2\/pages\/277\/revisions\/599"}],"wp:featuredmedia":[{"embeddable":true,"href":"http:\/\/www.kondolia.de\/index.php?rest_route=\/wp\/v2\/media\/634"}],"wp:attachment":[{"href":"http:\/\/www.kondolia.de\/index.php?rest_route=%2Fwp%2Fv2%2Fmedia&parent=277"}],"curies":[{"name":"wp","href":"https:\/\/api.w.org\/{rel}","templated":true}]}}