{"id":25,"date":"2009-07-19T15:38:36","date_gmt":"2009-07-19T13:38:36","guid":{"rendered":"http:\/\/www.kondolia.org\/2009\/07\/19\/about\/"},"modified":"2023-12-30T17:45:35","modified_gmt":"2023-12-30T16:45:35","slug":"about","status":"publish","type":"page","link":"http:\/\/www.kondolia.de\/?page_id=25","title":{"rendered":"Wir \u00fcber uns"},"content":{"rendered":"\t\t<div data-elementor-type=\"wp-page\" data-elementor-id=\"25\" class=\"elementor elementor-25\">\n\t\t\t\t\t\t\t<div class=\"elementor-element elementor-element-186ade70 e-flex e-con-boxed e-con e-parent\" data-id=\"186ade70\" data-element_type=\"container\" data-settings=\"{&quot;background_background&quot;:&quot;classic&quot;,&quot;content_width&quot;:&quot;boxed&quot;}\" data-core-v316-plus=\"true\">\n\t\t\t\t\t<div class=\"e-con-inner\">\n\t\t\t\t<div class=\"elementor-element elementor-element-764aab0d elementor-widget elementor-widget-text-editor\" data-id=\"764aab0d\" data-element_type=\"widget\" data-widget_type=\"text-editor.default\">\n\t\t\t\t<div class=\"elementor-widget-container\">\n\t\t\t<style>\/*! elementor - v3.18.0 - 20-12-2023 *\/\n.elementor-widget-text-editor.elementor-drop-cap-view-stacked .elementor-drop-cap{background-color:#69727d;color:#fff}.elementor-widget-text-editor.elementor-drop-cap-view-framed .elementor-drop-cap{color:#69727d;border:3px solid;background-color:transparent}.elementor-widget-text-editor:not(.elementor-drop-cap-view-default) .elementor-drop-cap{margin-top:8px}.elementor-widget-text-editor:not(.elementor-drop-cap-view-default) .elementor-drop-cap-letter{width:1em;height:1em}.elementor-widget-text-editor .elementor-drop-cap{float:left;text-align:center;line-height:1;font-size:50px}.elementor-widget-text-editor .elementor-drop-cap-letter{display:inline-block}<\/style>\t\t\t\t<!-- wp:paragraph -->\n<p>Der \u201eKrankenhaus Kondolia F\u00f6rderverein e.V.&#8220; wurde 1994 durch den aus Kondolia, West-Bengalen stammenden und sp\u00e4ter in Euskirchen lebenden und t\u00e4tigen Arzt Dr. Nabendu Sircar gegr\u00fcndet.<\/p>\n<!-- \/wp:paragraph -->\n\n<!-- wp:paragraph -->\n<p>Satzungsziel des F\u00f6rdervereins ist es, ein Krankenhaus in Kondolia, welches in erster Linie armen und unterprivilegierten Menschen eine medizinische Grundversorgung erm\u00f6glichen soll, aufzubauen und f\u00fcr dessen Unterhalt zu sorgen.&nbsp;<\/p>\n<!-- \/wp:paragraph -->\n\n<!-- wp:paragraph -->\n<p>Der F\u00f6rderverein steht in enger Zusammenarbeit mit dem Betreiber des Krankenhauses Kondolia, dem &#8222;<a href=\"http:\/\/www.kondolia.de\/?p=26\" data-type=\"post\" data-id=\"26\">Debendra Narayan Sarkar Memorial Trust<\/a>&#8220; (DESMOT) ist aber rechtlich von diesem v\u00f6llig unabh\u00e4ngig. Die <a href=\"http:\/\/www.kondolia.de\/?p=18\" data-type=\"post\" data-id=\"18\">Satzung<\/a> des Krankenhaus Kondolia F\u00f6rdervereins hat sich seit dem Registereintrag von 1994 nicht ge\u00e4ndert.<\/p>\n<!-- \/wp:paragraph -->\n\n<!-- wp:paragraph -->\n<p>Der F\u00f6rderverein setzt sich f\u00fcr die Beschaffung finanzieller Mittel zur Projektdurchf\u00fchrung in Kondolia ein. Spenden werden von privater Seite, von Firmen und Vereinen aus dem Kreis Euskirchen und dem Umland, sowie aus Erl\u00f6sen von diversen Benefizveranstaltungen und aus anderen Anl\u00e4ssen z.B. Geburtstagen, Jubil\u00e4umsfeiern etc. generiert. In der Vergangenheit haben wir au\u00dferdem gro\u00dfz\u00fcgige Unterst\u00fctzung seitens des Hilfswerks Misereor und des Rotary Club Euskirchen erfahren. Unser j\u00e4hrliches Spendenaufkommen lag in guten Jahren bei ca. \u20ac 15.000 &#8211; 25.000. Seit dem Tod des Vereinsgr\u00fcnders und dem damit verbundenen Wegfall pers\u00f6nlicher Beziehungen zu vielen F\u00f6rderern ist die Spendenbereitschaft \u00fcber die Jahre deutlich zur\u00fcckgegangen.<\/p>\n<!-- \/wp:paragraph -->\n\n<!-- wp:paragraph -->\n<p>Das Bestreben und die Motivation des F\u00f6rdervereins ist es daher, finanzielle Unterst\u00fctzung im Sinne von Hilfe zur Selbsthilfe zu leisten. Bereits heute versucht DESMOT einen Teil der Gesamtkosten des Krankenhauses unabh\u00e4ngig vom F\u00f6rderverein zu tragen, in dem an staatlichen Gesundheitsf\u00f6rderprogramme f\u00fcr mittellose Menschen teilgenommen wird.<\/p>\n<!-- \/wp:paragraph -->\n\n<!-- wp:paragraph -->\n<p>Die Einhaltung der satzungsm\u00e4\u00dfigen Voraussetzungen nach den \u00a7\u00a7 51, 59, 60 und 61 AO wurde vom Finanzamt Euskirchen StNr. 209\/5726\/0446 zuletzt mit Bescheid vom 18.01.2016 nach \u00a7 60a AO gesondert festgestellt.<\/p>\n<!-- \/wp:paragraph -->\t\t\t\t\t\t<\/div>\n\t\t\t\t<\/div>\n\t\t\t\t\t<\/div>\n\t\t\t\t<\/div>\n\t\t\t\t\t\t\t<\/div>\n\t\t","protected":false},"excerpt":{"rendered":"<p>Der \u201eKrankenhaus Kondolia F\u00f6rderverein e.V.&#8220; wurde 1994 durch den aus Kondolia, West-Bengalen stammenden und sp\u00e4ter in Euskirchen lebenden und t\u00e4tigen Arzt Dr. Nabendu Sircar gegr\u00fcndet. Satzungsziel des F\u00f6rdervereins ist es, ein Krankenhaus in Kondolia, welches in erster Linie armen und unterprivilegierten Menschen eine medizinische Grundversorgung erm\u00f6glichen soll, aufzubauen und f\u00fcr dessen Unterhalt zu sorgen.&nbsp; Der F\u00f6rderverein steht in enger Zusammenarbeit [&hellip;]<\/p>\n","protected":false},"author":1,"featured_media":0,"parent":0,"menu_order":2,"comment_status":"open","ping_status":"open","template":"","meta":{"_uag_custom_page_level_css":"","footnotes":""},"uagb_featured_image_src":{"full":false,"thumbnail":false,"medium":false,"medium_large":false,"large":false,"elegant_blocks_team_1":false,"elegant_blocks_blog_1":false,"elegant_blocks_slider_1":false,"1536x1536":false,"2048x2048":false,"bizberg_medium":false,"bizberg_gallery":false,"bizberg_blog_list":false,"bizberg_detail_image":false,"bizberg_detail_image_no_sidebar":false,"bizberg_portfolio_homepage":false,"bizberg_blog_list_no_sidebar_1":false},"uagb_author_info":{"display_name":"admin","author_link":"http:\/\/www.kondolia.de\/?author=1"},"uagb_comment_info":0,"uagb_excerpt":"Der \u201eKrankenhaus Kondolia F\u00f6rderverein e.V.&#8220; wurde 1994 durch den aus Kondolia, West-Bengalen stammenden und sp\u00e4ter in Euskirchen lebenden und t\u00e4tigen Arzt Dr. Nabendu Sircar gegr\u00fcndet. Satzungsziel des F\u00f6rdervereins ist es, ein Krankenhaus in Kondolia, welches in erster Linie armen und unterprivilegierten Menschen eine medizinische Grundversorgung erm\u00f6glichen soll, aufzubauen und f\u00fcr dessen Unterhalt zu sorgen.&nbsp; Der&hellip;","_links":{"self":[{"href":"http:\/\/www.kondolia.de\/index.php?rest_route=\/wp\/v2\/pages\/25"}],"collection":[{"href":"http:\/\/www.kondolia.de\/index.php?rest_route=\/wp\/v2\/pages"}],"about":[{"href":"http:\/\/www.kondolia.de\/index.php?rest_route=\/wp\/v2\/types\/page"}],"author":[{"embeddable":true,"href":"http:\/\/www.kondolia.de\/index.php?rest_route=\/wp\/v2\/users\/1"}],"replies":[{"embeddable":true,"href":"http:\/\/www.kondolia.de\/index.php?rest_route=%2Fwp%2Fv2%2Fcomments&post=25"}],"version-history":[{"count":6,"href":"http:\/\/www.kondolia.de\/index.php?rest_route=\/wp\/v2\/pages\/25\/revisions"}],"predecessor-version":[{"id":536,"href":"http:\/\/www.kondolia.de\/index.php?rest_route=\/wp\/v2\/pages\/25\/revisions\/536"}],"wp:attachment":[{"href":"http:\/\/www.kondolia.de\/index.php?rest_route=%2Fwp%2Fv2%2Fmedia&parent=25"}],"curies":[{"name":"wp","href":"https:\/\/api.w.org\/{rel}","templated":true}]}}